{"id":1901,"date":"2024-07-18T08:14:45","date_gmt":"2024-07-18T13:14:45","guid":{"rendered":"https:\/\/tusalud.biz\/?post_type=product&#038;p=1901"},"modified":"2024-07-18T08:21:47","modified_gmt":"2024-07-18T13:21:47","slug":"vision-y-salud-optica","status":"publish","type":"product","link":"https:\/\/tusalud.biz\/index.php\/product\/vision-y-salud-optica\/","title":{"rendered":"Visi\u00f3n y Salud \u00d3ptica"},"content":{"rendered":"","protected":false},"excerpt":{"rendered":"<p>Especialidad: Optometr\u00eda<\/p>\n<p><span data-sheets-root=\"1\">Direcci\u00f3n: Cra 44 # 76 &#8211; 211 Lc 2<\/span><\/p>\n","protected":false},"featured_media":1998,"comment_status":"open","ping_status":"closed","template":"","meta":{"site-sidebar-layout":"default","site-content-layout":"default","ast-global-header-display":"","ast-banner-title-visibility":"","ast-main-header-display":"","ast-hfb-above-header-display":"","ast-hfb-below-header-display":"","ast-hfb-mobile-header-display":"","site-post-title":"","ast-breadcrumbs-content":"","ast-featured-img":"","footer-sml-layout":"","theme-transparent-header-meta":"default","adv-header-id-meta":"","stick-header-meta":"","header-above-stick-meta":"","header-main-stick-meta":"","header-below-stick-meta":"","_joinchat":[]},"product_cat":[48],"product_tag":[],"_links":{"self":[{"href":"https:\/\/tusalud.biz\/index.php\/wp-json\/wp\/v2\/product\/1901"}],"collection":[{"href":"https:\/\/tusalud.biz\/index.php\/wp-json\/wp\/v2\/product"}],"about":[{"href":"https:\/\/tusalud.biz\/index.php\/wp-json\/wp\/v2\/types\/product"}],"replies":[{"embeddable":true,"href":"https:\/\/tusalud.biz\/index.php\/wp-json\/wp\/v2\/comments?post=1901"}],"wp:featuredmedia":[{"embeddable":true,"href":"https:\/\/tusalud.biz\/index.php\/wp-json\/wp\/v2\/media\/1998"}],"wp:attachment":[{"href":"https:\/\/tusalud.biz\/index.php\/wp-json\/wp\/v2\/media?parent=1901"}],"wp:term":[{"taxonomy":"product_cat","embeddable":true,"href":"https:\/\/tusalud.biz\/index.php\/wp-json\/wp\/v2\/product_cat?post=1901"},{"taxonomy":"product_tag","embeddable":true,"href":"https:\/\/tusalud.biz\/index.php\/wp-json\/wp\/v2\/product_tag?post=1901"}],"curies":[{"name":"wp","href":"https:\/\/api.w.org\/{rel}","templated":true}]}}