{"id":1627,"date":"2023-08-04T23:29:01","date_gmt":"2023-08-04T23:29:01","guid":{"rendered":"https:\/\/tusalud.biz\/?post_type=product&#038;p=1627"},"modified":"2024-01-29T17:08:28","modified_gmt":"2024-01-29T22:08:28","slug":"cecilia-abuchaibe-hani","status":"publish","type":"product","link":"https:\/\/tusalud.biz\/index.php\/product\/cecilia-abuchaibe-hani\/","title":{"rendered":"Cecilia Abuchaibe Hani"},"content":{"rendered":"","protected":false},"excerpt":{"rendered":"<p>Direcci\u00f3n: Carrera 49c # 80 -125 Edificio Continental Medical Center Consultorio 415<br \/>\nEspecialidad: Pediatr\u00eda y Pediatr\u00eda Alerg\u00f3loga.<\/p>\n","protected":false},"featured_media":1820,"comment_status":"open","ping_status":"closed","template":"","meta":{"site-sidebar-layout":"default","site-content-layout":"default","ast-global-header-display":"","ast-banner-title-visibility":"","ast-main-header-display":"","ast-hfb-above-header-display":"","ast-hfb-below-header-display":"","ast-hfb-mobile-header-display":"","site-post-title":"","ast-breadcrumbs-content":"","ast-featured-img":"","footer-sml-layout":"","theme-transparent-header-meta":"default","adv-header-id-meta":"","stick-header-meta":"","header-above-stick-meta":"","header-main-stick-meta":"","header-below-stick-meta":"","_joinchat":[]},"product_cat":[31],"product_tag":[],"_links":{"self":[{"href":"https:\/\/tusalud.biz\/index.php\/wp-json\/wp\/v2\/product\/1627"}],"collection":[{"href":"https:\/\/tusalud.biz\/index.php\/wp-json\/wp\/v2\/product"}],"about":[{"href":"https:\/\/tusalud.biz\/index.php\/wp-json\/wp\/v2\/types\/product"}],"replies":[{"embeddable":true,"href":"https:\/\/tusalud.biz\/index.php\/wp-json\/wp\/v2\/comments?post=1627"}],"wp:featuredmedia":[{"embeddable":true,"href":"https:\/\/tusalud.biz\/index.php\/wp-json\/wp\/v2\/media\/1820"}],"wp:attachment":[{"href":"https:\/\/tusalud.biz\/index.php\/wp-json\/wp\/v2\/media?parent=1627"}],"wp:term":[{"taxonomy":"product_cat","embeddable":true,"href":"https:\/\/tusalud.biz\/index.php\/wp-json\/wp\/v2\/product_cat?post=1627"},{"taxonomy":"product_tag","embeddable":true,"href":"https:\/\/tusalud.biz\/index.php\/wp-json\/wp\/v2\/product_tag?post=1627"}],"curies":[{"name":"wp","href":"https:\/\/api.w.org\/{rel}","templated":true}]}}