{"id":3,"date":"2023-06-17T01:15:27","date_gmt":"2023-06-17T01:15:27","guid":{"rendered":"http:\/\/104.248.136.121\/Tusalud\/?page_id=3"},"modified":"2023-08-05T20:50:14","modified_gmt":"2023-08-05T20:50:14","slug":"privacy-policy","status":"publish","type":"page","link":"https:\/\/tusalud.biz\/index.php\/privacy-policy\/","title":{"rendered":"Privacy Policy"},"content":{"rendered":"\t\t<div data-elementor-type=\"wp-page\" data-elementor-id=\"3\" class=\"elementor elementor-3\">\n\t\t\t\t\t\t\t\t\t<section class=\"elementor-section elementor-top-section elementor-element elementor-element-2c7cc7f8 elementor-section-boxed elementor-section-height-default elementor-section-height-default\" data-id=\"2c7cc7f8\" data-element_type=\"section\">\n\t\t\t\t\t\t<div class=\"elementor-container elementor-column-gap-default\">\n\t\t\t\t\t<div class=\"elementor-column elementor-col-100 elementor-top-column elementor-element elementor-element-3116fd1d\" data-id=\"3116fd1d\" data-element_type=\"column\">\n\t\t\t<div class=\"elementor-widget-wrap elementor-element-populated\">\n\t\t\t\t\t\t\t\t<div class=\"elementor-element elementor-element-e54bb28 elementor-widget elementor-widget-heading\" data-id=\"e54bb28\" data-element_type=\"widget\" data-widget_type=\"heading.default\">\n\t\t\t\t<div class=\"elementor-widget-container\">\n\t\t\t<h2 class=\"elementor-heading-title elementor-size-default\">Ley de Protecci\u00f3n de Datos de Car\u00e1cter Personal<\/h2>\t\t<\/div>\n\t\t\t\t<\/div>\n\t\t\t\t<div class=\"elementor-element elementor-element-631ea415 elementor-widget elementor-widget-text-editor\" data-id=\"631ea415\" data-element_type=\"widget\" data-widget_type=\"text-editor.default\">\n\t\t\t\t<div class=\"elementor-widget-container\">\n\t\t\t\t\t\t\t<p>De conformidad con lo dispuesto en la Ley de Protecci\u00f3n de Datos de Car\u00e1cter Personal, TU SALUD ONLINE informa al usuario, que los datos de car\u00e1cter personal que nos ha proporcionado mediante la cumplimentaci\u00f3n del presente formulario, ser\u00e1n utilizados para atender sus solicitudes de informaci\u00f3n, as\u00ed como informarle sobre los servicios ofrecidos por la empresa.<\/p>\n<p>Los datos solicitados al usuario en los formularios del sitio web tendr\u00e1n car\u00e1cter obligatorio salvo que se indique lo contrario en el formulario correspondiente. En el caso de que el usuario no facilite los datos solicitados con car\u00e1cter obligatorio el web site TU SALUD ONLINE no podr\u00e1 tramitar el formulario del que se trate.<\/p>\n<p>Los datos personales objeto de tratamiento ser\u00e1n conservados durante todo el proceso de solicitud o petici\u00f3n de informaci\u00f3n, o en su defecto durante los periodos establecidos en la legislaci\u00f3n vigente, procediendo a ser cancelados cuando hayan dejado de ser necesarios o pertinentes para la finalidad para la cual hubieran sido recabados o registrados. A este respecto precisa que la cancelaci\u00f3n no implica la eliminaci\u00f3n de los datos, sino que cabe su bloqueo. Mientras que los datos est\u00e9n bloqueados se impedir\u00e1 su tratamiento y se conservar\u00e1n \u00fanicamente a disposici\u00f3n de las Administraciones P\u00fablicas, Jueces y Tribunales para la atenci\u00f3n de las posibles responsabilidades nacidas del tratamiento, en tanto transcurran los plazos de prescripci\u00f3n de las responsabilidades.<\/p>\n<p>TU SALUD ONLINE, se compromete, en la utilizaci\u00f3n de los datos incluidos en el fichero, a respetar su confidencialidad y a utilizarlos de acuerdo con la finalidad del fichero, as\u00ed como a dar cumplimiento a su obligaci\u00f3n de guardarlos y adoptar todas las medidas pertinentes para evitar la alteraci\u00f3n, p\u00e9rdida, tratamiento o acceso no autorizado, de acuerdo con lo establecido en la normativa en materia de Protecci\u00f3n de Datos de Car\u00e1cter Personal.<\/p>\n<p>En caso de que en la solicitud deban incluirse datos de car\u00e1cter personal, referentes a personas f\u00edsicas distintas de la que la efect\u00faa, el usuario deber\u00e1, con car\u00e1cter previo a su inclusi\u00f3n, informarles del contenido de la presente cl\u00e1usula, de acuerdo con lo establecido en la Ley de Protecci\u00f3n de Datos.<\/p>\n<p>El interesado o su representante legal, podr\u00e1n ejercitar los derechos de acceso, rectificaci\u00f3n, cancelaci\u00f3n, oposici\u00f3n, limitaci\u00f3n y\/o portabilidad de sus datos personales en cualquier momento, mediante escrito, acompa\u00f1ado de copia de documento oficial que le identifique y, en su caso, de la persona que lo represente, dirigido a TU SALUD ONLINE, carrera 26 # 73 \u2013 30, barrio el Silencio.<\/p>\n<p>El interesado podr\u00e1 presentar reclamaci\u00f3n ante la Agencia Colombiana de Protecci\u00f3n de Datos cuando estime que sus derechos o el tratamiento de sus datos no han sido atendidos o acordes a la legislaci\u00f3n vigente en materia de protecci\u00f3n de datos de car\u00e1cter personal.<\/p>\n<p>Los datos que se le solicitan resultan necesarios, de manera que de no facilitarlos no ser\u00e1 posible la prestaci\u00f3n del servicio requerido, en este sentido, mediante la indicaci\u00f3n de sus datos y la aceptaci\u00f3n de las presentes condiciones legales, entenderemos otorgado su consentimiento.<\/p>\n<p>El interesado podr\u00e1 retirar el consentimiento de los tratamientos anteriormente descritos en cualquier momento, dirigi\u00e9ndose por escrito al responsable del fichero en los t\u00e9rminos descritos en el presente texto para el ejercicio de derechos.<\/p>\n<p>\u00a0<\/p>\t\t\t\t\t\t<\/div>\n\t\t\t\t<\/div>\n\t\t\t\t\t<\/div>\n\t\t<\/div>\n\t\t\t\t\t\t\t<\/div>\n\t\t<\/section>\n\t\t\t\t\t\t\t<\/div>\n\t\t","protected":false},"excerpt":{"rendered":"<p>Ley de Protecci\u00f3n de Datos de Car\u00e1cter Personal De conformidad con lo dispuesto en la Ley de Protecci\u00f3n de Datos de Car\u00e1cter Personal, TU SALUD ONLINE informa al usuario, que los datos de car\u00e1cter personal que nos ha proporcionado mediante la cumplimentaci\u00f3n del presente formulario, ser\u00e1n utilizados para atender sus solicitudes de informaci\u00f3n, as\u00ed como &hellip;<\/p>\n<p class=\"read-more\"> <a class=\"\" href=\"https:\/\/tusalud.biz\/index.php\/privacy-policy\/\"> <span class=\"screen-reader-text\">Privacy Policy<\/span> Leer m\u00e1s &raquo;<\/a><\/p>\n","protected":false},"author":1,"featured_media":0,"parent":0,"menu_order":0,"comment_status":"closed","ping_status":"open","template":"","meta":{"site-sidebar-layout":"default","site-content-layout":"default","ast-global-header-display":"","ast-banner-title-visibility":"","ast-main-header-display":"","ast-hfb-above-header-display":"","ast-hfb-below-header-display":"","ast-hfb-mobile-header-display":"","site-post-title":"disabled","ast-breadcrumbs-content":"","ast-featured-img":"","footer-sml-layout":"","theme-transparent-header-meta":"","adv-header-id-meta":"","stick-header-meta":"","header-above-stick-meta":"","header-main-stick-meta":"","header-below-stick-meta":"","footnotes":"","_joinchat":[]},"_links":{"self":[{"href":"https:\/\/tusalud.biz\/index.php\/wp-json\/wp\/v2\/pages\/3"}],"collection":[{"href":"https:\/\/tusalud.biz\/index.php\/wp-json\/wp\/v2\/pages"}],"about":[{"href":"https:\/\/tusalud.biz\/index.php\/wp-json\/wp\/v2\/types\/page"}],"author":[{"embeddable":true,"href":"https:\/\/tusalud.biz\/index.php\/wp-json\/wp\/v2\/users\/1"}],"replies":[{"embeddable":true,"href":"https:\/\/tusalud.biz\/index.php\/wp-json\/wp\/v2\/comments?post=3"}],"version-history":[{"count":4,"href":"https:\/\/tusalud.biz\/index.php\/wp-json\/wp\/v2\/pages\/3\/revisions"}],"predecessor-version":[{"id":1641,"href":"https:\/\/tusalud.biz\/index.php\/wp-json\/wp\/v2\/pages\/3\/revisions\/1641"}],"wp:attachment":[{"href":"https:\/\/tusalud.biz\/index.php\/wp-json\/wp\/v2\/media?parent=3"}],"curies":[{"name":"wp","href":"https:\/\/api.w.org\/{rel}","templated":true}]}}